{"id":501,"date":"2019-03-28T20:28:19","date_gmt":"2019-03-28T22:28:19","guid":{"rendered":"http:\/\/blokuvostvoros.lt\/?page_id=501"},"modified":"2019-03-28T20:28:19","modified_gmt":"2019-03-28T22:28:19","slug":"privatumo-politika","status":"publish","type":"page","link":"https:\/\/blokuvostvoros.lt\/en\/privatumo-politika\/","title":{"rendered":"Privacy policy"},"content":{"rendered":"<p>\u0160i\u0105 Privatumo ir slapuk\u0173 politik\u0105 (toliau \u2013 Politika) taikome tais atvejais, kai lankot\u0117s \u0161ioje interneto svetain\u0117je. \u0160i Politika netaikoma, kai nar\u0161ote kit\u0173 bendrovi\u0173 interneto svetain\u0117se patekdami per \u0161i\u0105 svetain\u0119.<\/p>\n<p>M\u016bs\u0173 interneto svetain\u0117s lankytoj\u0173 duomenis renkame laikydamiesi Lietuvos Respublikos asmens duomen\u0173 teisin\u0117s apsaugos \u012fstatymo, Lietuvos Respublikos elektronini\u0173 ry\u0161i\u0173 \u012fstatymo, Europos S\u0105jungos asmens duomen\u0173 apsaugos \u012fstatym\u0173, kit\u0173 susijusi\u0173 teis\u0117s akt\u0173 bei kontroliuojan\u010di\u0173 institucij\u0173 nurodym\u0173.<\/p>\n<h2>Renkami duomenys<\/h2>\n<p>Naudodami slapukus renkame duomenis apie svetain\u0117s naudojim\u0105. Slapuk\u0173 tipai ir j\u0173 paskirtis yra pateikti lentel\u0117je \u017eemiau.<\/p>\n<p>Surinktus duomenis apie svetain\u0117s lankytojus atsakingai saugome nuo praradimo, neleistino naudojimo ir pakeitim\u0173.<\/p>\n<h2>Slapuk\u0173 naudojimas<\/h2>\n<p>Jums besilankant interneto svetain\u0117je, norime pateikti informacij\u0105 ir funkcijas, pritaikytas tik Jums. Tam reikalingi slapukai (angl. cookies). Tai nedideli informacijos elementai, i\u0161saugomi J\u016bs\u0173 interneto nar\u0161ykl\u0117je. Jie padeda mums atpa\u017einti Jus kaip ankstesn\u012f svetain\u0117s lankytoj\u0105, i\u0161saugoti J\u016bs\u0173 lankymosi svetain\u0117je istorij\u0105 ir pagal tai pritaikyti turin\u012f. Taip pat slapukai padeda u\u017etikrinti skland\u0173 svetain\u0117s veikim\u0105, leid\u017eia steb\u0117ti lankymosi svetain\u0117je trukm\u0119, da\u017enum\u0105 bei rinkti statistin\u0119 informacij\u0105 apie svetain\u0117s lankytoj\u0173 skai\u010di\u0173. Analizuodami \u0161iuos duomenis galime svetain\u0119 tobulinti, padaryti j\u0105 patogesn\u0119 Jums. Apsilank\u0119 m\u016bs\u0173 interneto svetain\u0117je J\u016bs galite pasirinkti, ar norite naudoti slapukus. Jei nesutinkate, kad \u012f J\u016bs\u0173 kompiuter\u012f ar kit\u0105 \u012frengin\u012f b\u016bt\u0173 \u012fra\u0161omi slapukai, bet kada galite at\u0161aukti sutikim\u0105 juos naudoti pakeit\u0119 nustatymus ir i\u0161tryn\u0119 \u012fra\u0161ytus slapukus.\u00a0Renkame tik svarbiausius slapukus, kurie reikalingi sistemos veikimui, analitikai ir SEO. Kokius slapukus norite naudoti, o kuri\u0173 ne, galite apa\u010dioje i\u0161\u0161okan\u010diame prane\u0161ime.<\/p>\n<p>&nbsp;<\/p>\n<h3>Kontakt\u0173 formos<\/h3>\n<p>Informacija i\u0161si\u0173sta i\u0161 kontakt\u0173 formos saugoma tik gav\u0117jo pa\u0161to d\u0117\u017eut\u0117je.<\/p>\n<h3>\u012eterptas turinys i\u0161 kit\u0173 svetaini\u0173<\/h3>\n<p>Kai kurie straipsniai gali tur\u0117ti turinio i\u0161 kit\u0173 svetaini\u0173 (pvz. video med\u017eiaga, nuotraukos, tekstas ir t.t.). Perskai\u010dius turin\u012f yra tas pats kaip apsilankyti toje svetain\u0117je.<br \/>\n\u0160ios svetain\u0117s taip pat gali rinkti duomenis apie jus ir naudoti slapukus.<\/p>\n<h2>Su kuo dalinam\u0117s j\u016bs\u0173 informacija<\/h2>\n<p>J\u016bs\u0173 duomenimis nesidalijame su jokiomis tre\u010diosiomis \u0161alimis.<\/p>\n<h2>Kiek ilgai laikome j\u016bs\u0173 duomenis<\/h2>\n<p>J\u016bs\u0173 duomen\u0173 nesaugome i\u0161skyrus \u012f pa\u0161to d\u0117\u017eutes gaunamus lai\u0161kus i\u0161 kontakt\u0173 formos. Slapukai baigia galioti po dviej\u0173 dien\u0173.<\/p>\n<h2>J\u016bs\u0173 turimos teis\u0117s<\/h2>\n<p>J\u016bs turite teis\u0119 bet kada pareikalauti visos asmenin\u0117s informacijos i\u0161trynimo arba pateikti Jums vis\u0105 m\u016bs\u0173 turim\u0105 informacij\u0105 apie Jus. J\u016bs turite teis\u0119 pateikti skund\u0105 VDAI (valstybines asmens duomen\u0173 apsaugos inspekcijai), jei manote, jog J\u016bs\u0173 duomenys tvarkomi netinkamai.<\/p>\n<p>&nbsp;<\/p>\n<h3>Papildoma informacija.<\/h3>\n<h4><strong>Kas yra slapukas?<\/strong><\/h4>\n<p>Slapukais vadinami informacijos elementai, perkeliami i\u0161 interneto svetain\u0117s \u012f j\u016bs\u0173 kompiuterio stand\u0173j\u012f disk\u0105. Tai nedideli informacijos failai, kurie leid\u017eia interneto svetain\u0117ms i\u0161saugoti ir v\u0117l pasiekti informacij\u0105 apie naudotojo nar\u0161ymo \u012fpro\u010dius.<\/p>\n<p>Slapukus naudoja dauguma interneto svetaini\u0173, nes jie yra viena i\u0161 daugyb\u0117s priemoni\u0173, kurios padeda pritaikyti interneto turin\u012f prie naudotoj\u0173 poreiki\u0173.\u00a0 Slapukai leid\u017eia interneto svetain\u0117ms teikti prie naudotoj\u0173 poreiki\u0173 pritaikytas paslaugas (pavyzd\u017eiui, \u012fsimenant prisijungimo duomenis, i\u0161laikant pirkinius pirkini\u0173 krep\u0161elyje arba rodant tik konkret\u0173 naudotoj\u0105 dominant\u012f turin\u012f).<\/p>\n<p>Slapuk\u0173 b\u016bna skirting\u0173: laikinieji slapukai (arba seanso slapukai) \u2013 pa\u0161alinami, kai u\u017everiama nar\u0161ykl\u0117; nuolatiniai slapukai \u2013 nepa\u0161alinami ir lieka tol, kol pa\u0161alinami aktyviais veiksmais arba kol baigiasi j\u0173 galiojimas.<\/p>\n<h4><strong>Kaip pa\u0161alinti slapuk\u0105?<\/strong><\/h4>\n<p>Daugelis nar\u0161ykli\u0173 yra nustatytos taip, kad automati\u0161kai priimt\u0173 slapukus. Galite nar\u0161ykl\u0117je slapukus i\u0161jungti, bet \u017einokite, kad jeigu taip padarysite, galite netekti galimyb\u0117s naudotis daugybe funkcij\u0173, kurios b\u016btinos, kad interneto svetain\u0117 veikt\u0173 kaip dera.<\/p>\n<p>Jeigu jums reikia i\u0161samesn\u0117s informacijos apie slapukus, apsilankykite interneto svetain\u0117je www.aboutcookies.org, kur rasite i\u0161samios, nepriklausomos informacijos apie tai, kaip i\u0161jungti slapukus per nar\u0161ykl\u0117s nuostatas ir kaip pa\u0161alinti slapukus, kurie jau yra j\u016bs\u0173 kompiuteryje. Kad pa\u0161alintum\u0117te slapukus i\u0161 mobiliojo telefono, tur\u0117site pasiskaityti telefono naudojimo instrukcij\u0105.<\/p>\n<h4><strong>Slapuk\u0173 tipai<\/strong><\/h4>\n<p><strong>B\u016btinieji slapukai:<\/strong>\u00a0tokie slapukai yra b\u016btini tam, kad gal\u0117tum\u0117te \u017evalgytis po interneto svetain\u0119 ir naudotis jos funkcijomis, tokiomis kaip prieiga prie saugi\u0173 interneto svetain\u0117s sri\u010di\u0173.\u00a0 Be \u0161i\u0173 slapuk\u0173 negal\u0117t\u0173 b\u016bti j\u016bs\u0173 pageidaujamos paslaugos, pavyzd\u017eiui, pirkimo internetu.<\/p>\n<p><strong>Veikim\u0105 gerinantys, statistikos slapukai:<\/strong>\u00a0\u0161ie slapukai renka informacij\u0105 apie tai, kai naudotojai naudojasi tam tikra interneto svetaine, pavyzd\u017eiui, kurie puslapiai lankomi da\u017eniausiai ir ar lankytojai i\u0161 tinklalapi\u0173 gauna klaid\u0173 prane\u0161im\u0173.\u00a0 \u0160ie slapukai nerenka informacijos, leid\u017eian\u010dios atpa\u017einti svetain\u0117s lankytoj\u0105.\u00a0 Visa \u0161i\u0173 slapuk\u0173 renkama informacija yra bendrojo pob\u016bd\u017eio, tod\u0117l anonimin\u0117.\u00a0 Ji naudojama tik svetain\u0117s veiklai pagerinti.<\/p>\n<p><strong>Funkciniai slapukai:<\/strong>\u00a0\u0161ie slapukai leid\u017eia interneto svetainei \u012fsiminti j\u016bs\u0173 pasirinktus dalykus (tokius, kaip j\u016bs\u0173 vardas, kalba ar regionas) ir pasi\u016blyti patobulintas, jums asmeni\u0161kai pritaikytas funkcijas.\u00a0 \u0160i\u0173 slapuk\u0173 renkam\u0105 informacij\u0105 galima padaryti anonimin\u0119, be to, jie negali steb\u0117ti j\u016bs\u0173 nar\u0161ymo veiklos kitose interneto svetain\u0117se.<\/p>\n<p><strong>Tiksliniai arba reklaminiai slapukai:<\/strong>\u00a0\u0161ie slapukai naudojami tam, kad rodyt\u0173 reklaminius skelbimus, kurie tur\u0117t\u0173 b\u016bti \u012fdom\u016bs b\u016btent jums ir atitikti j\u016bs\u0173 interesus.\u00a0 Jie taip pat naudojami tam, kad tam tikras reklamas matytum\u0117te tik tam tikr\u0105 kart\u0173 skai\u010di\u0173 ir kad pad\u0117t\u0173 matuoti reklamin\u0117s kampanijos efektyvum\u0105.<\/p>\n<p>&nbsp;<\/p>\n<h2>Naudojami slapukai<\/h2>\n<table>\n<tbody>\n<tr>\n<td>moove_gdpr_popup<\/td>\n<td>Slapukas, naudojamas atpa\u017einti ar sutikote su slapuk\u0173 naudojimu m\u016bs\u0173 svetain\u0117je<\/td>\n<td>Nuo sutikimo\/Iki i\u0161trynimo<\/td>\n<\/tr>\n<tr>\n<td><\/td>\n<td><\/td>\n<td><\/td>\n<\/tr>\n<tr>\n<td>_ga<\/td>\n<td>\u0160\u012f slapuk\u0105 naudoja \u201eGoogle Analytics\u201c, kad \u012fvertint\u0173 vartotojo apsilankymo tikslus, parengt\u0173 ataskaitas apie tinklalapio aktyvum\u0105 svetaini\u0173 operatoriams ir pagerint\u0173 kliento patirt\u012f besilankant svetain\u0117je<\/td>\n<td>Nuo sutikimo\/<br \/>\n2 metai.<\/td>\n<\/tr>\n<tr>\n<td>_gat<\/td>\n<td>\u0160ie slapukai naudojami \u201eGoogle Analytics\u201c statistinei informacijai apie interneto svetain\u0117s lankomum\u0105 rinkti.<\/td>\n<td>Pirm\u0105 kart\u0105 at\u0117jus \u012f puslap\u012f\/<br \/>\niki sesijos pabaigos<\/td>\n<\/tr>\n<tr>\n<td>_gat_gtag_UA_21927823_5<\/td>\n<td>\u0160is slapukas naudojamas \u201eGoogle Analytics\u201c siekiant atpa\u017einti Asmen\u012f.<\/td>\n<td>Pirmo \u012f\u0117jimo \u012f puslap\u012f metu\/<br \/>\n2 dienos<\/td>\n<\/tr>\n<\/tbody>\n<\/table>\n<p><\/p>","protected":false},"excerpt":{"rendered":"<p>\u0160i\u0105 Privatumo ir slapuk\u0173 politik\u0105 (toliau \u2013 Politika) taikome tais atvejais, kai lankot\u0117s \u0161ioje interneto svetain\u0117je. \u0160i Politika netaikoma, kai nar\u0161ote kit\u0173 bendrovi\u0173 interneto svetain\u0117se patekdami per \u0161i\u0105 svetain\u0119. M\u016bs\u0173 interneto svetain\u0117s lankytoj\u0173 duomenis renkame laikydamiesi Lietuvos Respublikos asmens duomen\u0173 teisin\u0117s apsaugos \u012fstatymo, Lietuvos Respublikos elektronini\u0173 ry\u0161i\u0173 \u012fstatymo, Europos S\u0105jungos asmens duomen\u0173 apsaugos \u012fstatym\u0173, kit\u0173 [&hellip;]<\/p>\n","protected":false},"author":1,"featured_media":0,"parent":0,"menu_order":0,"comment_status":"closed","ping_status":"closed","template":"","meta":{"_monsterinsights_skip_tracking":false,"_monsterinsights_sitenote_active":false,"_monsterinsights_sitenote_note":"","_monsterinsights_sitenote_category":0,"footnotes":""},"class_list":["post-501","page","type-page","status-publish","hentry"],"yoast_head":"<!-- This site is optimized with the Yoast SEO plugin v27.2 - https:\/\/yoast.com\/product\/yoast-seo-wordpress\/ -->\n<title>Privacy policy - Blokuvos tvoros<\/title>\n<meta name=\"robots\" content=\"index, follow, max-snippet:-1, max-image-preview:large, max-video-preview:-1\" \/>\n<link rel=\"canonical\" href=\"https:\/\/blokuvostvoros.lt\/en\/privatumo-politika\/\" \/>\n<meta property=\"og:locale\" content=\"en_US\" \/>\n<meta property=\"og:type\" content=\"article\" \/>\n<meta property=\"og:title\" content=\"Privacy policy - Blokuvos tvoros\" \/>\n<meta property=\"og:description\" content=\"\u0160i\u0105 Privatumo ir slapuk\u0173 politik\u0105 (toliau \u2013 Politika) taikome tais atvejais, kai lankot\u0117s \u0161ioje interneto svetain\u0117je. \u0160i Politika netaikoma, kai nar\u0161ote kit\u0173 bendrovi\u0173 interneto svetain\u0117se patekdami per \u0161i\u0105 svetain\u0119. M\u016bs\u0173 interneto svetain\u0117s lankytoj\u0173 duomenis renkame laikydamiesi Lietuvos Respublikos asmens duomen\u0173 teisin\u0117s apsaugos \u012fstatymo, Lietuvos Respublikos elektronini\u0173 ry\u0161i\u0173 \u012fstatymo, Europos S\u0105jungos asmens duomen\u0173 apsaugos \u012fstatym\u0173, kit\u0173 [&hellip;]\" \/>\n<meta property=\"og:url\" content=\"https:\/\/blokuvostvoros.lt\/en\/privatumo-politika\/\" \/>\n<meta property=\"og:site_name\" content=\"Blokuvos tvoros\" \/>\n<meta name=\"twitter:card\" content=\"summary_large_image\" \/>\n<meta name=\"twitter:label1\" content=\"Est. reading time\" \/>\n\t<meta name=\"twitter:data1\" content=\"10 minutes\" \/>\n<script type=\"application\/ld+json\" class=\"yoast-schema-graph\">{\"@context\":\"https:\/\/schema.org\",\"@graph\":[{\"@type\":\"WebPage\",\"@id\":\"https:\/\/blokuvostvoros.lt\/en\/privatumo-politika\/\",\"url\":\"https:\/\/blokuvostvoros.lt\/en\/privatumo-politika\/\",\"name\":\"Privacy policy - Blokuvos tvoros\",\"isPartOf\":{\"@id\":\"https:\/\/blokuvostvoros.lt\/en\/#website\"},\"datePublished\":\"2019-03-28T22:28:19+00:00\",\"breadcrumb\":{\"@id\":\"https:\/\/blokuvostvoros.lt\/en\/privatumo-politika\/#breadcrumb\"},\"inLanguage\":\"en-US\",\"potentialAction\":[{\"@type\":\"ReadAction\",\"target\":[[\"https:\/\/blokuvostvoros.lt\/en\/privatumo-politika\/\"]]}]},{\"@type\":\"BreadcrumbList\",\"@id\":\"https:\/\/blokuvostvoros.lt\/en\/privatumo-politika\/#breadcrumb\",\"itemListElement\":[{\"@type\":\"ListItem\",\"position\":1,\"name\":\"Home\",\"item\":\"https:\/\/blokuvostvoros.lt\/en\/\"},{\"@type\":\"ListItem\",\"position\":2,\"name\":\"Privatumo politika\"}]},{\"@type\":\"WebSite\",\"@id\":\"https:\/\/blokuvostvoros.lt\/en\/#website\",\"url\":\"https:\/\/blokuvostvoros.lt\/en\/\",\"name\":\"Blokuvos tvoros\",\"description\":\"Presbetonini\u0173 tvoros element\u0173 gamyba\",\"potentialAction\":[{\"@type\":\"SearchAction\",\"target\":{\"@type\":\"EntryPoint\",\"urlTemplate\":\"https:\/\/blokuvostvoros.lt\/en\/?s={search_term_string}\"},\"query-input\":{\"@type\":\"PropertyValueSpecification\",\"valueRequired\":true,\"valueName\":\"search_term_string\"}}],\"inLanguage\":\"en-US\"}]}<\/script>\n<!-- \/ Yoast SEO plugin. -->","yoast_head_json":{"title":"Privacy policy - Blokuvos tvoros","robots":{"index":"index","follow":"follow","max-snippet":"max-snippet:-1","max-image-preview":"max-image-preview:large","max-video-preview":"max-video-preview:-1"},"canonical":"https:\/\/blokuvostvoros.lt\/en\/privatumo-politika\/","og_locale":"en_US","og_type":"article","og_title":"Privacy policy - Blokuvos tvoros","og_description":"\u0160i\u0105 Privatumo ir slapuk\u0173 politik\u0105 (toliau \u2013 Politika) taikome tais atvejais, kai lankot\u0117s \u0161ioje interneto svetain\u0117je. \u0160i Politika netaikoma, kai nar\u0161ote kit\u0173 bendrovi\u0173 interneto svetain\u0117se patekdami per \u0161i\u0105 svetain\u0119. M\u016bs\u0173 interneto svetain\u0117s lankytoj\u0173 duomenis renkame laikydamiesi Lietuvos Respublikos asmens duomen\u0173 teisin\u0117s apsaugos \u012fstatymo, Lietuvos Respublikos elektronini\u0173 ry\u0161i\u0173 \u012fstatymo, Europos S\u0105jungos asmens duomen\u0173 apsaugos \u012fstatym\u0173, kit\u0173 [&hellip;]","og_url":"https:\/\/blokuvostvoros.lt\/en\/privatumo-politika\/","og_site_name":"Blokuvos tvoros","twitter_card":"summary_large_image","twitter_misc":{"Est. reading time":"10 minutes"},"schema":{"@context":"https:\/\/schema.org","@graph":[{"@type":"WebPage","@id":"https:\/\/blokuvostvoros.lt\/en\/privatumo-politika\/","url":"https:\/\/blokuvostvoros.lt\/en\/privatumo-politika\/","name":"Privacy policy - Blokuvos tvoros","isPartOf":{"@id":"https:\/\/blokuvostvoros.lt\/en\/#website"},"datePublished":"2019-03-28T22:28:19+00:00","breadcrumb":{"@id":"https:\/\/blokuvostvoros.lt\/en\/privatumo-politika\/#breadcrumb"},"inLanguage":"en-US","potentialAction":[{"@type":"ReadAction","target":[["https:\/\/blokuvostvoros.lt\/en\/privatumo-politika\/"]]}]},{"@type":"BreadcrumbList","@id":"https:\/\/blokuvostvoros.lt\/en\/privatumo-politika\/#breadcrumb","itemListElement":[{"@type":"ListItem","position":1,"name":"Home","item":"https:\/\/blokuvostvoros.lt\/en\/"},{"@type":"ListItem","position":2,"name":"Privatumo politika"}]},{"@type":"WebSite","@id":"https:\/\/blokuvostvoros.lt\/en\/#website","url":"https:\/\/blokuvostvoros.lt\/en\/","name":"Blokuvos tvoros","description":"Presbetonini\u0173 tvoros element\u0173 gamyba","potentialAction":[{"@type":"SearchAction","target":{"@type":"EntryPoint","urlTemplate":"https:\/\/blokuvostvoros.lt\/en\/?s={search_term_string}"},"query-input":{"@type":"PropertyValueSpecification","valueRequired":true,"valueName":"search_term_string"}}],"inLanguage":"en-US"}]}},"_links":{"self":[{"href":"https:\/\/blokuvostvoros.lt\/en\/wp-json\/wp\/v2\/pages\/501","targetHints":{"allow":["GET"]}}],"collection":[{"href":"https:\/\/blokuvostvoros.lt\/en\/wp-json\/wp\/v2\/pages"}],"about":[{"href":"https:\/\/blokuvostvoros.lt\/en\/wp-json\/wp\/v2\/types\/page"}],"author":[{"embeddable":true,"href":"https:\/\/blokuvostvoros.lt\/en\/wp-json\/wp\/v2\/users\/1"}],"replies":[{"embeddable":true,"href":"https:\/\/blokuvostvoros.lt\/en\/wp-json\/wp\/v2\/comments?post=501"}],"version-history":[{"count":1,"href":"https:\/\/blokuvostvoros.lt\/en\/wp-json\/wp\/v2\/pages\/501\/revisions"}],"predecessor-version":[{"id":502,"href":"https:\/\/blokuvostvoros.lt\/en\/wp-json\/wp\/v2\/pages\/501\/revisions\/502"}],"wp:attachment":[{"href":"https:\/\/blokuvostvoros.lt\/en\/wp-json\/wp\/v2\/media?parent=501"}],"curies":[{"name":"wp","href":"https:\/\/api.w.org\/{rel}","templated":true}]}}