{"id":19,"date":"2026-03-05T04:03:00","date_gmt":"2026-03-05T06:03:00","guid":{"rendered":"http:\/\/blokuvostvoros.lt\/?page_id=19"},"modified":"2026-03-23T05:20:47","modified_gmt":"2026-03-23T07:20:47","slug":"pagrindinis","status":"publish","type":"page","link":"https:\/\/blokuvostvoros.lt\/en\/","title":{"rendered":"Main"},"content":{"rendered":"<p><\/p>\n<h1 class=\"site-description\" style=\"text-align: center;\">Blokuvos tvoros<\/h1>\n<p>Each person&#8217;s eye notices neatly fenced plot and restored its territory. Fence highlight not only your home decorative accents and identities, but also conduct business and the decorative function.<\/p>\n<p>If you made a decision to surround your property with esthetic beauty do not hesitate and choose fences with concrete block elements.Poles from concrete blocks or down part of the fence will look luxury and elegant. What is more you always can make just concrete blocks fence or use blocks even for building the columns. To fill the gaps between poles you always can choose wood, metal or other materials.<\/p>\n<p>Fence and gates gives you not just esthetic beauty but also safety. With our production we are trying to make sure about your property\u2019s safety.<\/p>","protected":false},"excerpt":{"rendered":"<p>Blokuvos tvoros Each person&#8217;s eye notices neatly fenced plot and restored its territory. Fence highlight not only your home decorative accents and identities, but also conduct business and the decorative function. If you made a decision to surround your property with esthetic beauty do not hesitate and choose fences with concrete block elements.Poles from concrete [&hellip;]<\/p>\n","protected":false},"author":1,"featured_media":0,"parent":0,"menu_order":0,"comment_status":"closed","ping_status":"closed","template":"","meta":{"_monsterinsights_skip_tracking":false,"_monsterinsights_sitenote_active":false,"_monsterinsights_sitenote_note":"","_monsterinsights_sitenote_category":0,"footnotes":""},"class_list":["post-19","page","type-page","status-publish","hentry"],"yoast_head":"<!-- This site is optimized with the Yoast SEO plugin v27.2 - https:\/\/yoast.com\/product\/yoast-seo-wordpress\/ -->\n<title>Tvoros blokeliai \u2013 Presbetonini\u0173 tvor\u0173 element\u0173 gamyba | Blokuva<\/title>\n<meta name=\"description\" content=\"Tvoros blokeliai, presbetonini\u0173 tvor\u0173 elementai ir modern\u016bs aptv\u0117rimo sprendimai j\u016bs\u0173 sklypui. Ilgaam\u017eiai, esteti\u0161ki ir kokybi\u0161ki gaminiai.\" \/>\n<meta name=\"robots\" content=\"index, follow, max-snippet:-1, max-image-preview:large, max-video-preview:-1\" \/>\n<link rel=\"canonical\" href=\"https:\/\/blokuvostvoros.lt\/en\/\" \/>\n<meta property=\"og:locale\" content=\"en_US\" \/>\n<meta property=\"og:type\" content=\"article\" \/>\n<meta property=\"og:title\" content=\"Tvoros blokeliai \u2013 Presbetonini\u0173 tvor\u0173 element\u0173 gamyba | Blokuva\" \/>\n<meta property=\"og:description\" content=\"Tvoros blokeliai, presbetonini\u0173 tvor\u0173 elementai ir modern\u016bs aptv\u0117rimo sprendimai j\u016bs\u0173 sklypui. Ilgaam\u017eiai, esteti\u0161ki ir kokybi\u0161ki gaminiai.\" \/>\n<meta property=\"og:url\" content=\"https:\/\/blokuvostvoros.lt\/en\/\" \/>\n<meta property=\"og:site_name\" content=\"Blokuvos tvoros\" \/>\n<meta property=\"article:modified_time\" content=\"2026-03-23T07:20:47+00:00\" \/>\n<meta name=\"twitter:card\" content=\"summary_large_image\" \/>\n<meta name=\"twitter:label1\" content=\"Est. reading time\" \/>\n\t<meta name=\"twitter:data1\" content=\"3 minutes\" \/>\n<script type=\"application\/ld+json\" class=\"yoast-schema-graph\">{\"@context\":\"https:\/\/schema.org\",\"@graph\":[{\"@type\":\"WebPage\",\"@id\":\"https:\/\/blokuvostvoros.lt\/en\/\",\"url\":\"https:\/\/blokuvostvoros.lt\/en\/\",\"name\":\"Tvoros blokeliai \u2013 Presbetonini\u0173 tvor\u0173 element\u0173 gamyba | Blokuva\",\"isPartOf\":{\"@id\":\"https:\/\/blokuvostvoros.lt\/en\/#website\"},\"datePublished\":\"2026-03-05T06:03:00+00:00\",\"dateModified\":\"2026-03-23T07:20:47+00:00\",\"description\":\"Tvoros blokeliai, presbetonini\u0173 tvor\u0173 elementai ir modern\u016bs aptv\u0117rimo sprendimai j\u016bs\u0173 sklypui. Ilgaam\u017eiai, esteti\u0161ki ir kokybi\u0161ki gaminiai.\",\"breadcrumb\":{\"@id\":\"https:\/\/blokuvostvoros.lt\/en\/#breadcrumb\"},\"inLanguage\":\"en-US\",\"potentialAction\":[{\"@type\":\"ReadAction\",\"target\":[[\"https:\/\/blokuvostvoros.lt\/en\/\"]]}]},{\"@type\":\"BreadcrumbList\",\"@id\":\"https:\/\/blokuvostvoros.lt\/en\/#breadcrumb\",\"itemListElement\":[{\"@type\":\"ListItem\",\"position\":1,\"name\":\"Home\",\"item\":\"https:\/\/blokuvostvoros.lt\/en\/\"},{\"@type\":\"ListItem\",\"position\":2,\"name\":\"Blokeliai tvorai\"}]},{\"@type\":\"WebSite\",\"@id\":\"https:\/\/blokuvostvoros.lt\/en\/#website\",\"url\":\"https:\/\/blokuvostvoros.lt\/en\/\",\"name\":\"Blokuvos tvoros\",\"description\":\"Presbetonini\u0173 tvoros element\u0173 gamyba\",\"potentialAction\":[{\"@type\":\"SearchAction\",\"target\":{\"@type\":\"EntryPoint\",\"urlTemplate\":\"https:\/\/blokuvostvoros.lt\/en\/?s={search_term_string}\"},\"query-input\":{\"@type\":\"PropertyValueSpecification\",\"valueRequired\":true,\"valueName\":\"search_term_string\"}}],\"inLanguage\":\"en-US\"}]}<\/script>\n<!-- \/ Yoast SEO plugin. -->","yoast_head_json":{"title":"Tvoros blokeliai \u2013 Presbetonini\u0173 tvor\u0173 element\u0173 gamyba | Blokuva","description":"Tvoros blokeliai, presbetonini\u0173 tvor\u0173 elementai ir modern\u016bs aptv\u0117rimo sprendimai j\u016bs\u0173 sklypui. Ilgaam\u017eiai, esteti\u0161ki ir kokybi\u0161ki gaminiai.","robots":{"index":"index","follow":"follow","max-snippet":"max-snippet:-1","max-image-preview":"max-image-preview:large","max-video-preview":"max-video-preview:-1"},"canonical":"https:\/\/blokuvostvoros.lt\/en\/","og_locale":"en_US","og_type":"article","og_title":"Tvoros blokeliai \u2013 Presbetonini\u0173 tvor\u0173 element\u0173 gamyba | Blokuva","og_description":"Tvoros blokeliai, presbetonini\u0173 tvor\u0173 elementai ir modern\u016bs aptv\u0117rimo sprendimai j\u016bs\u0173 sklypui. Ilgaam\u017eiai, esteti\u0161ki ir kokybi\u0161ki gaminiai.","og_url":"https:\/\/blokuvostvoros.lt\/en\/","og_site_name":"Blokuvos tvoros","article_modified_time":"2026-03-23T07:20:47+00:00","twitter_card":"summary_large_image","twitter_misc":{"Est. reading time":"3 minutes"},"schema":{"@context":"https:\/\/schema.org","@graph":[{"@type":"WebPage","@id":"https:\/\/blokuvostvoros.lt\/en\/","url":"https:\/\/blokuvostvoros.lt\/en\/","name":"Tvoros blokeliai \u2013 Presbetonini\u0173 tvor\u0173 element\u0173 gamyba | Blokuva","isPartOf":{"@id":"https:\/\/blokuvostvoros.lt\/en\/#website"},"datePublished":"2026-03-05T06:03:00+00:00","dateModified":"2026-03-23T07:20:47+00:00","description":"Tvoros blokeliai, presbetonini\u0173 tvor\u0173 elementai ir modern\u016bs aptv\u0117rimo sprendimai j\u016bs\u0173 sklypui. Ilgaam\u017eiai, esteti\u0161ki ir kokybi\u0161ki gaminiai.","breadcrumb":{"@id":"https:\/\/blokuvostvoros.lt\/en\/#breadcrumb"},"inLanguage":"en-US","potentialAction":[{"@type":"ReadAction","target":[["https:\/\/blokuvostvoros.lt\/en\/"]]}]},{"@type":"BreadcrumbList","@id":"https:\/\/blokuvostvoros.lt\/en\/#breadcrumb","itemListElement":[{"@type":"ListItem","position":1,"name":"Home","item":"https:\/\/blokuvostvoros.lt\/en\/"},{"@type":"ListItem","position":2,"name":"Blokeliai tvorai"}]},{"@type":"WebSite","@id":"https:\/\/blokuvostvoros.lt\/en\/#website","url":"https:\/\/blokuvostvoros.lt\/en\/","name":"Blokuvos tvoros","description":"Presbetonini\u0173 tvoros element\u0173 gamyba","potentialAction":[{"@type":"SearchAction","target":{"@type":"EntryPoint","urlTemplate":"https:\/\/blokuvostvoros.lt\/en\/?s={search_term_string}"},"query-input":{"@type":"PropertyValueSpecification","valueRequired":true,"valueName":"search_term_string"}}],"inLanguage":"en-US"}]}},"_links":{"self":[{"href":"https:\/\/blokuvostvoros.lt\/en\/wp-json\/wp\/v2\/pages\/19","targetHints":{"allow":["GET"]}}],"collection":[{"href":"https:\/\/blokuvostvoros.lt\/en\/wp-json\/wp\/v2\/pages"}],"about":[{"href":"https:\/\/blokuvostvoros.lt\/en\/wp-json\/wp\/v2\/types\/page"}],"author":[{"embeddable":true,"href":"https:\/\/blokuvostvoros.lt\/en\/wp-json\/wp\/v2\/users\/1"}],"replies":[{"embeddable":true,"href":"https:\/\/blokuvostvoros.lt\/en\/wp-json\/wp\/v2\/comments?post=19"}],"version-history":[{"count":25,"href":"https:\/\/blokuvostvoros.lt\/en\/wp-json\/wp\/v2\/pages\/19\/revisions"}],"predecessor-version":[{"id":832,"href":"https:\/\/blokuvostvoros.lt\/en\/wp-json\/wp\/v2\/pages\/19\/revisions\/832"}],"wp:attachment":[{"href":"https:\/\/blokuvostvoros.lt\/en\/wp-json\/wp\/v2\/media?parent=19"}],"curies":[{"name":"wp","href":"https:\/\/api.w.org\/{rel}","templated":true}]}}