{"id":11,"date":"2018-04-05T03:56:43","date_gmt":"2018-04-05T05:56:43","guid":{"rendered":"http:\/\/blokuvostvoros.lt\/?page_id=11"},"modified":"2019-11-27T11:14:24","modified_gmt":"2019-11-27T13:14:24","slug":"kontaktai","status":"publish","type":"page","link":"https:\/\/blokuvostvoros.lt\/en\/kontaktai\/","title":{"rendered":"Contacts"},"content":{"rendered":"<p><strong>M\u016bs\u0173 kontaktai:<\/strong><\/p>\n<p>\u012em. kodas: 304437915<br \/>\nPVM kodas: LT100010678012<br \/>\nAdresas korespondencijai: Giruli\u0173 g. 12, Kaunas<br \/>\nS\u0105skaita: A\/S LT077300010150751510 AB Swedbank<br \/>\nSand\u0117lio adresas: Svirno g. 12, Eigirgala, Kauno raj.<br \/>\nMob. tel.:\u00a0<a href=\"tel:8 640 17755\">8 640 17755<\/a><br \/>\nEl. pa\u0161tas:\u00a0<a href=\"mailto:blokuvostvoros@gmail.com\">blokuvostvoros@gmail.com<\/a><\/p>","protected":false},"excerpt":{"rendered":"<p>M\u016bs\u0173 kontaktai: \u012em. kodas: 304437915 PVM kodas: LT100010678012 Adresas korespondencijai: Giruli\u0173 g. 12, Kaunas S\u0105skaita: A\/S LT077300010150751510 AB Swedbank Sand\u0117lio adresas: Svirno g. 12, Eigirgala, Kauno raj. Mob. tel.:\u00a08 640 17755 El. pa\u0161tas:\u00a0blokuvostvoros@gmail.com<\/p>\n","protected":false},"author":1,"featured_media":0,"parent":0,"menu_order":0,"comment_status":"closed","ping_status":"closed","template":"","meta":{"_monsterinsights_skip_tracking":false,"_monsterinsights_sitenote_active":false,"_monsterinsights_sitenote_note":"","_monsterinsights_sitenote_category":0,"footnotes":""},"class_list":["post-11","page","type-page","status-publish","hentry"],"yoast_head":"<!-- This site is optimized with the Yoast SEO plugin v27.2 - https:\/\/yoast.com\/product\/yoast-seo-wordpress\/ -->\n<title>Contacts - Blokuvos tvoros<\/title>\n<meta name=\"robots\" content=\"index, follow, max-snippet:-1, max-image-preview:large, max-video-preview:-1\" \/>\n<link rel=\"canonical\" href=\"https:\/\/blokuvostvoros.lt\/en\/kontaktai\/\" \/>\n<meta property=\"og:locale\" content=\"en_US\" \/>\n<meta property=\"og:type\" content=\"article\" \/>\n<meta property=\"og:title\" content=\"Contacts - Blokuvos tvoros\" \/>\n<meta property=\"og:description\" content=\"M\u016bs\u0173 kontaktai: \u012em. kodas: 304437915 PVM kodas: LT100010678012 Adresas korespondencijai: Giruli\u0173 g. 12, Kaunas S\u0105skaita: A\/S LT077300010150751510 AB Swedbank Sand\u0117lio adresas: Svirno g. 12, Eigirgala, Kauno raj. Mob. tel.:\u00a08 640 17755 El. pa\u0161tas:\u00a0blokuvostvoros@gmail.com\" \/>\n<meta property=\"og:url\" content=\"https:\/\/blokuvostvoros.lt\/en\/kontaktai\/\" \/>\n<meta property=\"og:site_name\" content=\"Blokuvos tvoros\" \/>\n<meta property=\"article:modified_time\" content=\"2019-11-27T13:14:24+00:00\" \/>\n<meta name=\"twitter:card\" content=\"summary_large_image\" \/>\n<script type=\"application\/ld+json\" class=\"yoast-schema-graph\">{\"@context\":\"https:\/\/schema.org\",\"@graph\":[{\"@type\":\"WebPage\",\"@id\":\"https:\/\/blokuvostvoros.lt\/en\/kontaktai\/\",\"url\":\"https:\/\/blokuvostvoros.lt\/en\/kontaktai\/\",\"name\":\"Contacts - Blokuvos tvoros\",\"isPartOf\":{\"@id\":\"https:\/\/blokuvostvoros.lt\/en\/#website\"},\"datePublished\":\"2018-04-05T05:56:43+00:00\",\"dateModified\":\"2019-11-27T13:14:24+00:00\",\"breadcrumb\":{\"@id\":\"https:\/\/blokuvostvoros.lt\/en\/kontaktai\/#breadcrumb\"},\"inLanguage\":\"en-US\",\"potentialAction\":[{\"@type\":\"ReadAction\",\"target\":[[\"https:\/\/blokuvostvoros.lt\/en\/kontaktai\/\"]]}]},{\"@type\":\"BreadcrumbList\",\"@id\":\"https:\/\/blokuvostvoros.lt\/en\/kontaktai\/#breadcrumb\",\"itemListElement\":[{\"@type\":\"ListItem\",\"position\":1,\"name\":\"Home\",\"item\":\"https:\/\/blokuvostvoros.lt\/en\/\"},{\"@type\":\"ListItem\",\"position\":2,\"name\":\"Kontaktai\"}]},{\"@type\":\"WebSite\",\"@id\":\"https:\/\/blokuvostvoros.lt\/en\/#website\",\"url\":\"https:\/\/blokuvostvoros.lt\/en\/\",\"name\":\"Blokuvos tvoros\",\"description\":\"Presbetonini\u0173 tvoros element\u0173 gamyba\",\"potentialAction\":[{\"@type\":\"SearchAction\",\"target\":{\"@type\":\"EntryPoint\",\"urlTemplate\":\"https:\/\/blokuvostvoros.lt\/en\/?s={search_term_string}\"},\"query-input\":{\"@type\":\"PropertyValueSpecification\",\"valueRequired\":true,\"valueName\":\"search_term_string\"}}],\"inLanguage\":\"en-US\"}]}<\/script>\n<!-- \/ Yoast SEO plugin. -->","yoast_head_json":{"title":"Contacts - Blokuvos tvoros","robots":{"index":"index","follow":"follow","max-snippet":"max-snippet:-1","max-image-preview":"max-image-preview:large","max-video-preview":"max-video-preview:-1"},"canonical":"https:\/\/blokuvostvoros.lt\/en\/kontaktai\/","og_locale":"en_US","og_type":"article","og_title":"Contacts - Blokuvos tvoros","og_description":"M\u016bs\u0173 kontaktai: \u012em. kodas: 304437915 PVM kodas: LT100010678012 Adresas korespondencijai: Giruli\u0173 g. 12, Kaunas S\u0105skaita: A\/S LT077300010150751510 AB Swedbank Sand\u0117lio adresas: Svirno g. 12, Eigirgala, Kauno raj. Mob. tel.:\u00a08 640 17755 El. pa\u0161tas:\u00a0blokuvostvoros@gmail.com","og_url":"https:\/\/blokuvostvoros.lt\/en\/kontaktai\/","og_site_name":"Blokuvos tvoros","article_modified_time":"2019-11-27T13:14:24+00:00","twitter_card":"summary_large_image","schema":{"@context":"https:\/\/schema.org","@graph":[{"@type":"WebPage","@id":"https:\/\/blokuvostvoros.lt\/en\/kontaktai\/","url":"https:\/\/blokuvostvoros.lt\/en\/kontaktai\/","name":"Contacts - Blokuvos tvoros","isPartOf":{"@id":"https:\/\/blokuvostvoros.lt\/en\/#website"},"datePublished":"2018-04-05T05:56:43+00:00","dateModified":"2019-11-27T13:14:24+00:00","breadcrumb":{"@id":"https:\/\/blokuvostvoros.lt\/en\/kontaktai\/#breadcrumb"},"inLanguage":"en-US","potentialAction":[{"@type":"ReadAction","target":[["https:\/\/blokuvostvoros.lt\/en\/kontaktai\/"]]}]},{"@type":"BreadcrumbList","@id":"https:\/\/blokuvostvoros.lt\/en\/kontaktai\/#breadcrumb","itemListElement":[{"@type":"ListItem","position":1,"name":"Home","item":"https:\/\/blokuvostvoros.lt\/en\/"},{"@type":"ListItem","position":2,"name":"Kontaktai"}]},{"@type":"WebSite","@id":"https:\/\/blokuvostvoros.lt\/en\/#website","url":"https:\/\/blokuvostvoros.lt\/en\/","name":"Blokuvos tvoros","description":"Presbetonini\u0173 tvoros element\u0173 gamyba","potentialAction":[{"@type":"SearchAction","target":{"@type":"EntryPoint","urlTemplate":"https:\/\/blokuvostvoros.lt\/en\/?s={search_term_string}"},"query-input":{"@type":"PropertyValueSpecification","valueRequired":true,"valueName":"search_term_string"}}],"inLanguage":"en-US"}]}},"_links":{"self":[{"href":"https:\/\/blokuvostvoros.lt\/en\/wp-json\/wp\/v2\/pages\/11","targetHints":{"allow":["GET"]}}],"collection":[{"href":"https:\/\/blokuvostvoros.lt\/en\/wp-json\/wp\/v2\/pages"}],"about":[{"href":"https:\/\/blokuvostvoros.lt\/en\/wp-json\/wp\/v2\/types\/page"}],"author":[{"embeddable":true,"href":"https:\/\/blokuvostvoros.lt\/en\/wp-json\/wp\/v2\/users\/1"}],"replies":[{"embeddable":true,"href":"https:\/\/blokuvostvoros.lt\/en\/wp-json\/wp\/v2\/comments?post=11"}],"version-history":[{"count":12,"href":"https:\/\/blokuvostvoros.lt\/en\/wp-json\/wp\/v2\/pages\/11\/revisions"}],"predecessor-version":[{"id":736,"href":"https:\/\/blokuvostvoros.lt\/en\/wp-json\/wp\/v2\/pages\/11\/revisions\/736"}],"wp:attachment":[{"href":"https:\/\/blokuvostvoros.lt\/en\/wp-json\/wp\/v2\/media?parent=11"}],"curies":[{"name":"wp","href":"https:\/\/api.w.org\/{rel}","templated":true}]}}